{"id":6336,"date":"2022-07-18T13:49:48","date_gmt":"2022-07-18T17:49:48","guid":{"rendered":"https:\/\/www.zuba.com.py\/blog\/?page_id=6336"},"modified":"2022-09-05T12:21:17","modified_gmt":"2022-09-05T16:21:17","slug":"quienes-somos","status":"publish","type":"page","link":"https:\/\/www.zuba.com.py\/blog\/quienes-somos\/","title":{"rendered":"Qui\u00e9nes Somos"},"content":{"rendered":"<p><img decoding=\"async\" width=\"540\" height=\"320\" src=\"https:\/\/www.zuba.com.py\/blog\/wp-content\/uploads\/2022\/07\/quienes-somos.jpg\" alt=\"\" loading=\"lazy\" srcset=\"https:\/\/www.zuba.com.py\/blog\/wp-content\/uploads\/2022\/07\/quienes-somos.jpg 540w, https:\/\/www.zuba.com.py\/blog\/wp-content\/uploads\/2022\/07\/quienes-somos-300x178.jpg 300w\" sizes=\"auto, (max-width: 540px) 100vw, 540px\">\t\t\t\t\t\t\t\t\t\t\t\t\t\t\t<\/p>\n<p><\/p>\n\n\n<\/p>\n<h2 dir=\"ltr\" style=\"line-height: 1.38; margin-top: 0pt; margin-bottom: 0pt;\">Sobre nosotros<\/h2>\n<p>\n\n\n<p><\/p>\n<p><\/p>\n\n\n<\/p>\n<p dir=\"ltr\" style=\"line-height: 1.38; margin-top: 0pt; margin-bottom: 0pt;\">Somos <a href=\"https:\/\/www.instagram.com\/zuba.inversiones\/?hl=es\" target=\"_blank\" rel=\"noopener\">Zuba Inversiones<\/a>, una desarrolladora inmobiliaria de Paraguay que tiene la misi\u00f3n de brindar soluciones que acompa\u00f1en el estilo de vida actual y generen progreso en la vida de las personas.\u00a0<\/p>\n<p dir=\"ltr\">\u00a0<\/p>\n<p dir=\"ltr\" style=\"line-height: 1.38; margin-top: 0pt; margin-bottom: 0pt;\">Este es nuestro blog y desde aqu\u00ed queremos brindarte las <b>\u00faltimas novedades del sector inmobiliario para compra, venta y alquiler de propiedades y los mejores consejos de inversi\u00f3n, construcci\u00f3n, arquitectura eco-friendly y otras tendencias.<\/b><\/p>\n<p><br \/><a href=\"https:\/\/www.zuba.com.py\/\" target=\"_blank\" rel=\"noopener\"><b>Sumate a la Comunidad Zuba<\/b><\/a><\/p>\n<p>\n\n\n<p><\/p>","protected":false},"excerpt":{"rendered":"<p>Sobre nosotros Somos Zuba Inversiones, una desarrolladora inmobiliaria de Paraguay que tiene la misi\u00f3n de brindar soluciones que acompa\u00f1en el estilo de vida actual y generen progreso en la vida de las personas.\u00a0 \u00a0 Este es nuestro blog y desde aqu\u00ed queremos brindarte las \u00faltimas novedades del sector inmobiliario para compra, venta y alquiler de [&hellip;]<\/p>\n","protected":false},"author":1,"featured_media":7178,"parent":0,"menu_order":0,"comment_status":"closed","ping_status":"closed","template":"","meta":{"footnotes":""},"class_list":["post-6336","page","type-page","status-publish","has-post-thumbnail","hentry"],"_links":{"self":[{"href":"https:\/\/www.zuba.com.py\/blog\/wp-json\/wp\/v2\/pages\/6336","targetHints":{"allow":["GET"]}}],"collection":[{"href":"https:\/\/www.zuba.com.py\/blog\/wp-json\/wp\/v2\/pages"}],"about":[{"href":"https:\/\/www.zuba.com.py\/blog\/wp-json\/wp\/v2\/types\/page"}],"author":[{"embeddable":true,"href":"https:\/\/www.zuba.com.py\/blog\/wp-json\/wp\/v2\/users\/1"}],"replies":[{"embeddable":true,"href":"https:\/\/www.zuba.com.py\/blog\/wp-json\/wp\/v2\/comments?post=6336"}],"version-history":[{"count":42,"href":"https:\/\/www.zuba.com.py\/blog\/wp-json\/wp\/v2\/pages\/6336\/revisions"}],"predecessor-version":[{"id":10857,"href":"https:\/\/www.zuba.com.py\/blog\/wp-json\/wp\/v2\/pages\/6336\/revisions\/10857"}],"wp:featuredmedia":[{"embeddable":true,"href":"https:\/\/www.zuba.com.py\/blog\/wp-json\/wp\/v2\/media\/7178"}],"wp:attachment":[{"href":"https:\/\/www.zuba.com.py\/blog\/wp-json\/wp\/v2\/media?parent=6336"}],"curies":[{"name":"wp","href":"https:\/\/api.w.org\/{rel}","templated":true}]}}